{"id":3779,"date":"2019-01-04T13:58:47","date_gmt":"2019-01-04T13:58:47","guid":{"rendered":"http:\/\/blechnerei-bechtold.de\/?page_id=3779"},"modified":"2019-01-15T17:02:00","modified_gmt":"2019-01-15T17:02:00","slug":"sanitaer","status":"publish","type":"page","link":"https:\/\/blechnerei-bechtold.de\/?page_id=3779","title":{"rendered":"Sanit\u00e4r"},"content":{"rendered":"\t\t<div data-elementor-type=\"wp-post\" data-elementor-id=\"3779\" class=\"elementor elementor-3779 elementor-bc-flex-widget\">\n\t\t\t\t\t\t<section class=\"elementor-section elementor-top-section elementor-element elementor-element-1d27a0b elementor-section-boxed elementor-section-height-default elementor-section-height-default\" data-id=\"1d27a0b\" data-element_type=\"section\">\n\t\t\t\t\t\t<div class=\"elementor-container elementor-column-gap-default\">\n\t\t\t\t\t<div class=\"elementor-column elementor-col-100 elementor-top-column elementor-element elementor-element-310d5d1\" data-id=\"310d5d1\" data-element_type=\"column\">\n\t\t\t<div class=\"elementor-widget-wrap elementor-element-populated\">\n\t\t\t\t\t\t<div class=\"elementor-element elementor-element-86d9a4e elementor-widget elementor-widget-image\" data-id=\"86d9a4e\" data-element_type=\"widget\" data-widget_type=\"image.default\">\n\t\t\t\t<div class=\"elementor-widget-container\">\n\t\t\t\t\t\t\t\t\t\t\t\t\t\t\t<img fetchpriority=\"high\" decoding=\"async\" width=\"1170\" height=\"460\" src=\"https:\/\/blechnerei-bechtold.de\/wp-content\/uploads\/2019\/01\/Cara_Komplettaufnahme_6-1170x460.jpeg\" class=\"attachment-bulk-pro-single size-bulk-pro-single wp-image-3792\" alt=\"\" \/>\t\t\t\t\t\t\t\t\t\t\t\t\t\t\t<\/div>\n\t\t\t\t<\/div>\n\t\t\t\t\t<\/div>\n\t\t<\/div>\n\t\t\t\t\t<\/div>\n\t\t<\/section>\n\t\t\t\t<section class=\"elementor-section elementor-top-section elementor-element elementor-element-3bf45a2 elementor-section-boxed elementor-section-height-default elementor-section-height-default\" data-id=\"3bf45a2\" data-element_type=\"section\">\n\t\t\t\t\t\t<div class=\"elementor-container elementor-column-gap-default\">\n\t\t\t\t\t<div class=\"elementor-column elementor-col-100 elementor-top-column elementor-element elementor-element-ecbf259\" data-id=\"ecbf259\" data-element_type=\"column\">\n\t\t\t<div class=\"elementor-widget-wrap elementor-element-populated\">\n\t\t\t\t\t\t<div class=\"elementor-element elementor-element-de20041 elementor-widget elementor-widget-text-editor\" data-id=\"de20041\" data-element_type=\"widget\" data-widget_type=\"text-editor.default\">\n\t\t\t\t<div class=\"elementor-widget-container\">\n\t\t\t\t\t\t\t\t\t<h2>Sanit\u00e4r<\/h2><p>Leistungen im Sanit\u00e4rbereich<\/p><ul><li>Erneuerung von Rohrleitungen<\/li><li>Badumbau bzw. Sanierung<\/li><li>Kleinreparaturen, wie z.B. tropfende Wasserh\u00e4hne<\/li><li>Installation von Duschen und Duschkabinen<\/li><li>Einbau von Enth\u00e4rtungsanlagen<\/li><li>Regenwassernutzungs-Technik<\/li><\/ul>\t\t\t\t\t\t\t\t<\/div>\n\t\t\t\t<\/div>\n\t\t\t\t\t<\/div>\n\t\t<\/div>\n\t\t\t\t\t<\/div>\n\t\t<\/section>\n\t\t\t\t<\/div>\n\t\t","protected":false},"excerpt":{"rendered":"<p>Sanit\u00e4r Leistungen im Sanit\u00e4rbereich Erneuerung von Rohrleitungen Badumbau bzw. Sanierung Kleinreparaturen, wie z.B. tropfende Wasserh\u00e4hne Installation von Duschen und Duschkabinen Einbau von Enth\u00e4rtungsanlagen Regenwassernutzungs-Technik<\/p>\n","protected":false},"author":3,"featured_media":0,"parent":0,"menu_order":0,"comment_status":"closed","ping_status":"closed","template":"template-parts\/template-homepage.php","meta":{"footnotes":""},"class_list":["post-3779","page","type-page","status-publish","hentry"],"_links":{"self":[{"href":"https:\/\/blechnerei-bechtold.de\/index.php?rest_route=\/wp\/v2\/pages\/3779","targetHints":{"allow":["GET"]}}],"collection":[{"href":"https:\/\/blechnerei-bechtold.de\/index.php?rest_route=\/wp\/v2\/pages"}],"about":[{"href":"https:\/\/blechnerei-bechtold.de\/index.php?rest_route=\/wp\/v2\/types\/page"}],"author":[{"embeddable":true,"href":"https:\/\/blechnerei-bechtold.de\/index.php?rest_route=\/wp\/v2\/users\/3"}],"replies":[{"embeddable":true,"href":"https:\/\/blechnerei-bechtold.de\/index.php?rest_route=%2Fwp%2Fv2%2Fcomments&post=3779"}],"version-history":[{"count":6,"href":"https:\/\/blechnerei-bechtold.de\/index.php?rest_route=\/wp\/v2\/pages\/3779\/revisions"}],"predecessor-version":[{"id":3917,"href":"https:\/\/blechnerei-bechtold.de\/index.php?rest_route=\/wp\/v2\/pages\/3779\/revisions\/3917"}],"wp:attachment":[{"href":"https:\/\/blechnerei-bechtold.de\/index.php?rest_route=%2Fwp%2Fv2%2Fmedia&parent=3779"}],"curies":[{"name":"wp","href":"https:\/\/api.w.org\/{rel}","templated":true}]}}