{"id":3766,"date":"2019-01-01T16:01:32","date_gmt":"2019-01-01T16:01:32","guid":{"rendered":"http:\/\/blechnerei-bechtold.de\/?page_id=3766"},"modified":"2019-02-03T17:09:19","modified_gmt":"2019-02-03T17:09:19","slug":"ueber-mich","status":"publish","type":"page","link":"https:\/\/blechnerei-bechtold.de\/?page_id=3766","title":{"rendered":"\u00dcber mich"},"content":{"rendered":"\t\t<div data-elementor-type=\"wp-post\" data-elementor-id=\"3766\" class=\"elementor elementor-3766 elementor-bc-flex-widget\">\n\t\t\t\t\t\t<section class=\"elementor-section elementor-top-section elementor-element elementor-element-4548747 elementor-section-boxed elementor-section-height-default elementor-section-height-default\" data-id=\"4548747\" data-element_type=\"section\">\n\t\t\t\t\t\t<div class=\"elementor-container elementor-column-gap-default\">\n\t\t\t\t\t<div class=\"elementor-column elementor-col-100 elementor-top-column elementor-element elementor-element-f0463a2\" data-id=\"f0463a2\" data-element_type=\"column\">\n\t\t\t<div class=\"elementor-widget-wrap elementor-element-populated\">\n\t\t\t\t\t\t<div class=\"elementor-element elementor-element-338e0f3 elementor-widget elementor-widget-image\" data-id=\"338e0f3\" data-element_type=\"widget\" data-widget_type=\"image.default\">\n\t\t\t\t<div class=\"elementor-widget-container\">\n\t\t\t\t\t\t\t\t\t\t\t\t\t\t\t<img fetchpriority=\"high\" decoding=\"async\" width=\"1600\" height=\"450\" src=\"https:\/\/blechnerei-bechtold.de\/wp-content\/uploads\/2019\/01\/timoUebermich.jpg\" class=\"attachment-full size-full wp-image-3798\" alt=\"\" srcset=\"https:\/\/blechnerei-bechtold.de\/wp-content\/uploads\/2019\/01\/timoUebermich.jpg 1600w, https:\/\/blechnerei-bechtold.de\/wp-content\/uploads\/2019\/01\/timoUebermich-300x84.jpg 300w, https:\/\/blechnerei-bechtold.de\/wp-content\/uploads\/2019\/01\/timoUebermich-768x216.jpg 768w, https:\/\/blechnerei-bechtold.de\/wp-content\/uploads\/2019\/01\/timoUebermich-1024x288.jpg 1024w\" sizes=\"(max-width: 1600px) 100vw, 1600px\" \/>\t\t\t\t\t\t\t\t\t\t\t\t\t\t\t<\/div>\n\t\t\t\t<\/div>\n\t\t\t\t\t<\/div>\n\t\t<\/div>\n\t\t\t\t\t<\/div>\n\t\t<\/section>\n\t\t\t\t<section class=\"elementor-section elementor-top-section elementor-element elementor-element-2387cd2 elementor-section-boxed elementor-section-height-default elementor-section-height-default\" data-id=\"2387cd2\" data-element_type=\"section\">\n\t\t\t\t\t\t<div class=\"elementor-container elementor-column-gap-default\">\n\t\t\t\t\t<div class=\"elementor-column elementor-col-100 elementor-top-column elementor-element elementor-element-6e3f421\" data-id=\"6e3f421\" data-element_type=\"column\">\n\t\t\t<div class=\"elementor-widget-wrap elementor-element-populated\">\n\t\t\t\t\t\t<div class=\"elementor-element elementor-element-c64254a elementor-widget elementor-widget-text-editor\" data-id=\"c64254a\" data-element_type=\"widget\" data-widget_type=\"text-editor.default\">\n\t\t\t\t<div class=\"elementor-widget-container\">\n\t\t\t\t\t\t\t\t\t<p>Ich begann meine Ausbildung im Jahre 1993\u00a0 zum Gas-und Wasserinstallateur und schloss diese 1997 mit bestandener Gesellenpr\u00fcfung ab. Das Klempnerhandwerk (Blechner) war\u00a0 in meinem Ausbildungsbetrieb ein weiterer gro\u00dfer Bestandteil.<\/p><p><span style=\"letter-spacing: 0px;\">Mein Interesse f\u00fcr die Klempnerei wurde geweckt. Dies f\u00fchrte dazu, dass ich 2010 einen Meisterkurs an der renommierten Robert-Mayer-Schule in Stuttgart begann und erfolgreich 2011 meine Pr\u00fcfung zum Klempnermeister absolvierte.<\/span><\/p><p><span style=\"letter-spacing: 0px;\">Seit 2013 war ich im Nebenberuf mit Blechnerei und Sanit\u00e4r selbst\u00e4ndig. Die langj\u00e4hrige Erfahrung im Handwerk ,der Umgang mit den Kunden und nicht zuletzt das Bestreben mein eigener \u201eHerr\u201c zu sein, best\u00e4rkten mich darin, 2016 den Schritt in die volle Selbst\u00e4ndigkeit zu gehen. Ich gr\u00fcndete meine heutige Firma &#8222;Blechnerei-Sanit\u00e4r Bechtold&#8220; in Bretten.<br \/><\/span><\/p><p><span style=\"letter-spacing: 0px;\">Freundlichkeit, Zuverl\u00e4ssigkeit und ehrliches Handwerk sind Dinge, f\u00fcr die ich schon immer stand und stehe.<\/span><\/p><p><span style=\"letter-spacing: 0px;\">Die positive Resonanz meiner Kunden best\u00e4tigt mir immer wieder aufs Neue, dass meine Arbeit dem entspricht, was\u00a0 von einem guten Handwerker erwartet und gefordert wird.<\/span><\/p><p><span style=\"letter-spacing: 0px;\">2018 war das Jahr der Investitionen. Ich habe mit einer Segment-Abkantbank (Fa.Schechtl) mein Spektrum erweitert und kann nun einzelne Biegeabl\u00e4ufe im Blechbearbeitungsbereich exakter bzw. spezifischer durchf\u00fchren.<\/span><\/p><p><span style=\"letter-spacing: 0px;\">Des Weiteren wurde durch eine neue 3-Meter-Schwenkbiegemaschine der Fa. Schechtl, welche motorisch betrieben und durch programmierbare Kantprofile gesteuert wird, ein gro\u00dfer Schritt in Richtung Zukunft unternommen.\u00a0 Ver\u00e4nderung gab und gibt es immer. Deshalb ist es mir umso wichtiger, meine Kunden in den Bereichen Klempnerei bzw. Sanit\u00e4rtechnik mit meinem Fachwissen zu unterst\u00fctzen.<\/span><\/p>\t\t\t\t\t\t\t\t<\/div>\n\t\t\t\t<\/div>\n\t\t\t\t\t<\/div>\n\t\t<\/div>\n\t\t\t\t\t<\/div>\n\t\t<\/section>\n\t\t\t\t<\/div>\n\t\t","protected":false},"excerpt":{"rendered":"<p>Ich begann meine Ausbildung im Jahre 1993\u00a0 zum Gas-und Wasserinstallateur und schloss diese 1997 mit bestandener Gesellenpr\u00fcfung ab. Das Klempnerhandwerk (Blechner) war\u00a0 in meinem Ausbildungsbetrieb ein weiterer gro\u00dfer Bestandteil. Mein Interesse f\u00fcr die Klempnerei wurde geweckt. Dies f\u00fchrte dazu, dass ich 2010 einen Meisterkurs an der renommierten Robert-Mayer-Schule in Stuttgart begann und erfolgreich 2011 meine [&hellip;]<\/p>\n","protected":false},"author":3,"featured_media":0,"parent":0,"menu_order":0,"comment_status":"closed","ping_status":"closed","template":"template-parts\/template-homepage.php","meta":{"footnotes":""},"class_list":["post-3766","page","type-page","status-publish","hentry"],"_links":{"self":[{"href":"https:\/\/blechnerei-bechtold.de\/index.php?rest_route=\/wp\/v2\/pages\/3766","targetHints":{"allow":["GET"]}}],"collection":[{"href":"https:\/\/blechnerei-bechtold.de\/index.php?rest_route=\/wp\/v2\/pages"}],"about":[{"href":"https:\/\/blechnerei-bechtold.de\/index.php?rest_route=\/wp\/v2\/types\/page"}],"author":[{"embeddable":true,"href":"https:\/\/blechnerei-bechtold.de\/index.php?rest_route=\/wp\/v2\/users\/3"}],"replies":[{"embeddable":true,"href":"https:\/\/blechnerei-bechtold.de\/index.php?rest_route=%2Fwp%2Fv2%2Fcomments&post=3766"}],"version-history":[{"count":12,"href":"https:\/\/blechnerei-bechtold.de\/index.php?rest_route=\/wp\/v2\/pages\/3766\/revisions"}],"predecessor-version":[{"id":3953,"href":"https:\/\/blechnerei-bechtold.de\/index.php?rest_route=\/wp\/v2\/pages\/3766\/revisions\/3953"}],"wp:attachment":[{"href":"https:\/\/blechnerei-bechtold.de\/index.php?rest_route=%2Fwp%2Fv2%2Fmedia&parent=3766"}],"curies":[{"name":"wp","href":"https:\/\/api.w.org\/{rel}","templated":true}]}}