{"id":3550,"date":"2018-08-16T09:35:59","date_gmt":"2018-08-16T09:35:59","guid":{"rendered":"http:\/\/blechnerei-bechtold.de\/?page_id=3550"},"modified":"2019-06-03T14:06:00","modified_gmt":"2019-06-03T14:06:00","slug":"startseite","status":"publish","type":"page","link":"https:\/\/blechnerei-bechtold.de\/","title":{"rendered":"Startseite"},"content":{"rendered":"\t\t<div data-elementor-type=\"wp-post\" data-elementor-id=\"3550\" class=\"elementor elementor-3550 elementor-bc-flex-widget\">\n\t\t\t\t\t\t<section class=\"elementor-section elementor-top-section elementor-element elementor-element-a224e6a elementor-section-boxed elementor-section-height-default elementor-section-height-default\" data-id=\"a224e6a\" data-element_type=\"section\">\n\t\t\t\t\t\t<div class=\"elementor-container elementor-column-gap-default\">\n\t\t\t\t\t<div class=\"elementor-column elementor-col-100 elementor-top-column elementor-element elementor-element-1666bc0\" data-id=\"1666bc0\" data-element_type=\"column\">\n\t\t\t<div class=\"elementor-widget-wrap\">\n\t\t\t\t\t\t\t<\/div>\n\t\t<\/div>\n\t\t\t\t\t<\/div>\n\t\t<\/section>\n\t\t\t\t<section class=\"elementor-section elementor-top-section elementor-element elementor-element-f629a24 elementor-section-boxed elementor-section-height-default elementor-section-height-default\" data-id=\"f629a24\" data-element_type=\"section\">\n\t\t\t\t\t\t<div class=\"elementor-container elementor-column-gap-default\">\n\t\t\t\t\t<div class=\"elementor-column elementor-col-100 elementor-top-column elementor-element elementor-element-3d25fa8\" data-id=\"3d25fa8\" data-element_type=\"column\">\n\t\t\t<div class=\"elementor-widget-wrap elementor-element-populated\">\n\t\t\t\t\t\t\t<\/div>\n\t\t<\/div>\n\t\t\t\t\t<\/div>\n\t\t<\/section>\n\t\t\t\t<section class=\"elementor-section elementor-top-section elementor-element elementor-element-acf0bf3 elementor-section-boxed elementor-section-height-default elementor-section-height-default\" data-id=\"acf0bf3\" data-element_type=\"section\">\n\t\t\t\t\t\t<div class=\"elementor-container elementor-column-gap-default\">\n\t\t\t\t\t<div class=\"elementor-column elementor-col-100 elementor-top-column elementor-element elementor-element-84ef371\" data-id=\"84ef371\" data-element_type=\"column\">\n\t\t\t<div class=\"elementor-widget-wrap elementor-element-populated\">\n\t\t\t\t\t\t\t<\/div>\n\t\t<\/div>\n\t\t\t\t\t<\/div>\n\t\t<\/section>\n\t\t\t\t<section class=\"elementor-section elementor-top-section elementor-element elementor-element-626faba elementor-section-boxed elementor-section-height-default elementor-section-height-default\" data-id=\"626faba\" data-element_type=\"section\">\n\t\t\t\t\t\t<div class=\"elementor-container elementor-column-gap-default\">\n\t\t\t\t\t<div class=\"elementor-column elementor-col-100 elementor-top-column elementor-element elementor-element-fc2ae7d\" data-id=\"fc2ae7d\" data-element_type=\"column\">\n\t\t\t<div class=\"elementor-widget-wrap elementor-element-populated\">\n\t\t\t\t\t\t\t<\/div>\n\t\t<\/div>\n\t\t\t\t\t<\/div>\n\t\t<\/section>\n\t\t\t\t<section class=\"elementor-section elementor-top-section elementor-element elementor-element-4506f70 elementor-section-boxed elementor-section-height-default elementor-section-height-default\" data-id=\"4506f70\" data-element_type=\"section\">\n\t\t\t\t\t\t<div class=\"elementor-container elementor-column-gap-default\">\n\t\t\t\t\t<div class=\"elementor-column elementor-col-50 elementor-top-column elementor-element elementor-element-a25e99a\" data-id=\"a25e99a\" data-element_type=\"column\">\n\t\t\t<div class=\"elementor-widget-wrap elementor-element-populated\">\n\t\t\t\t\t\t<div class=\"elementor-element elementor-element-93daf16 elementor-widget elementor-widget-text-editor\" data-id=\"93daf16\" data-element_type=\"widget\" data-widget_type=\"text-editor.default\">\n\t\t\t\t<div class=\"elementor-widget-container\">\n\t\t\t\t\t\t\t\t\t<p><strong>Badsanierung und Bad im Neubau: <\/strong><\/p><p>Gestalten Sie ihr Bad ganz nach Ihren W\u00fcnschen. Die Firma Blechnerei-Sanit\u00e4r Bechtold in Bretten hilft Ihnen bei der Realisierung Ihres Traumbades. Egal ob Neubau oder Badsanierung, ich bin Ihr kompetenter Ansprechpartner hierf\u00fcr!<\/p><p>\u00a0<\/p><p>Ihr neues Bad soll eine \u00a0Oase der Ruhe, zur F\u00f6rderung der Gesundheit und des Wohlbefindens sein.<\/p><p>Die Firma Blechnerei-Sanit\u00e4r Bechtold aus Bretten plant und realisiert Ihnen Ihre Vision vom perfekten Bad. Ich sehe Ihr neues Bad als Freiraum f\u00fcr K\u00f6rper und Geist. Als R\u00fcckzugsort an einem anstrengenden Tag, an dem Sie sich entspannen k\u00f6nnen um neue Kraft und Inspiration zu tanken.<\/p><p><strong>Ich plane Ihr Bad in vollem Umfang: <\/strong><\/p><p>Die Raumgestaltung beginnt bei Ihnen vor Ort mit einer ersten Besprechung, bei der ich Ihre W\u00fcnsche und Vorstellungen er\u00f6rtere und ein Aufma\u00df mache.<\/p><p>Bei dem Aufma\u00df wird zus\u00e4tzlich nach allen technischen Dingen wie Anschl\u00fcssen, Heizung Abwasser, Boden- und Wandverarbeitung geschaut. Diesem Erstgespr\u00e4ch messe ich besondere Bedeutung bei, denn nur dann wird Ihr Traumbad zur Wirklichkeit.<\/p><p>Erst jetzt erfolgt eine detaillierte Aufstellung der Kosten und der zeitlichen Realisierung der Projektphasen. Bei Fragen stehe ich Ihnen jederzeit zur Verf\u00fcgung stehe.<\/p>\t\t\t\t\t\t\t\t<\/div>\n\t\t\t\t<\/div>\n\t\t\t\t\t<\/div>\n\t\t<\/div>\n\t\t\t\t<div class=\"elementor-column elementor-col-50 elementor-top-column elementor-element elementor-element-952726c\" data-id=\"952726c\" data-element_type=\"column\">\n\t\t\t<div class=\"elementor-widget-wrap elementor-element-populated\">\n\t\t\t\t\t\t<div class=\"elementor-element elementor-element-54d03d3 elementor-widget elementor-widget-text-editor\" data-id=\"54d03d3\" data-element_type=\"widget\" data-widget_type=\"text-editor.default\">\n\t\t\t\t<div class=\"elementor-widget-container\">\n\t\t\t\t\t\t\t\t\t<p><strong>Baublechnerei: <\/strong><\/p><p><strong>Alle Blechnerarbeiten erledige ich kompetent, zuverl\u00e4ssig und nach Ihren W\u00fcnschen! <\/strong><\/p><p>Blech bietet zahlreiche gestalterische M\u00f6glichkeiten und ist zudem sehr robust und widerstandsf\u00e4hig. Ich verwende in meiner Blechnerei nur hochwertige Materialien wie Titanzink, Kupfer und Aluminium.<\/p><p>Ich berate Sie und helfe Ihnen, die passende Auswahl zu treffen.<\/p><ul><li>Blechd\u00e4cher<\/li><li>Wandverkleidungen<\/li><li>Kaminverkleidungen und Abdeckungen<\/li><li>Dachgaubenverkleidungen<\/li><li>Kehlbleche<\/li><li>Wandanschlussbleche<\/li><li>Ortgangbleche<\/li><li>Abkantprofile<\/li><\/ul>\t\t\t\t\t\t\t\t<\/div>\n\t\t\t\t<\/div>\n\t\t\t\t\t<\/div>\n\t\t<\/div>\n\t\t\t\t\t<\/div>\n\t\t<\/section>\n\t\t\t\t<section class=\"elementor-section elementor-top-section elementor-element elementor-element-b73997e elementor-section-boxed elementor-section-height-default elementor-section-height-default\" data-id=\"b73997e\" data-element_type=\"section\">\n\t\t\t\t\t\t<div class=\"elementor-container elementor-column-gap-default\">\n\t\t\t\t\t<div class=\"elementor-column elementor-col-100 elementor-top-column elementor-element elementor-element-a321b97\" data-id=\"a321b97\" data-element_type=\"column\">\n\t\t\t<div class=\"elementor-widget-wrap elementor-element-populated\">\n\t\t\t\t\t\t<div class=\"elementor-element elementor-element-d1d44e6 elementor-button-info elementor-align-center elementor-widget elementor-widget-button\" data-id=\"d1d44e6\" data-element_type=\"widget\" data-widget_type=\"button.default\">\n\t\t\t\t<div class=\"elementor-widget-container\">\n\t\t\t\t\t\t\t\t\t<div class=\"elementor-button-wrapper\">\n\t\t\t\t\t<a class=\"elementor-button elementor-button-link elementor-size-sm\" href=\"http:\/\/blechnerei-bechtold.de\/?page_id=3556\">\n\t\t\t\t\t\t<span class=\"elementor-button-content-wrapper\">\n\t\t\t\t\t\t\t\t\t<span class=\"elementor-button-text\">Kontakt<\/span>\n\t\t\t\t\t<\/span>\n\t\t\t\t\t<\/a>\n\t\t\t\t<\/div>\n\t\t\t\t\t\t\t\t<\/div>\n\t\t\t\t<\/div>\n\t\t\t\t\t<\/div>\n\t\t<\/div>\n\t\t\t\t\t<\/div>\n\t\t<\/section>\n\t\t\t\t<\/div>\n\t\t","protected":false},"excerpt":{"rendered":"<p>Smart Slider with ID: 2 Badsanierung und Bad im Neubau: Gestalten Sie ihr Bad ganz nach Ihren W\u00fcnschen. Die Firma Blechnerei-Sanit\u00e4r Bechtold in Bretten hilft Ihnen bei der Realisierung Ihres Traumbades. Egal ob Neubau oder Badsanierung, ich bin Ihr kompetenter Ansprechpartner hierf\u00fcr! Ihr neues Bad soll eine &nbsp;Oase der Ruhe, zur F\u00f6rderung der Gesundheit und [&hellip;]<\/p>\n","protected":false},"author":1,"featured_media":0,"parent":0,"menu_order":0,"comment_status":"closed","ping_status":"closed","template":"elementor_header_footer","meta":{"footnotes":""},"class_list":["post-3550","page","type-page","status-publish","hentry"],"_links":{"self":[{"href":"https:\/\/blechnerei-bechtold.de\/index.php?rest_route=\/wp\/v2\/pages\/3550","targetHints":{"allow":["GET"]}}],"collection":[{"href":"https:\/\/blechnerei-bechtold.de\/index.php?rest_route=\/wp\/v2\/pages"}],"about":[{"href":"https:\/\/blechnerei-bechtold.de\/index.php?rest_route=\/wp\/v2\/types\/page"}],"author":[{"embeddable":true,"href":"https:\/\/blechnerei-bechtold.de\/index.php?rest_route=\/wp\/v2\/users\/1"}],"replies":[{"embeddable":true,"href":"https:\/\/blechnerei-bechtold.de\/index.php?rest_route=%2Fwp%2Fv2%2Fcomments&post=3550"}],"version-history":[{"count":48,"href":"https:\/\/blechnerei-bechtold.de\/index.php?rest_route=\/wp\/v2\/pages\/3550\/revisions"}],"predecessor-version":[{"id":3970,"href":"https:\/\/blechnerei-bechtold.de\/index.php?rest_route=\/wp\/v2\/pages\/3550\/revisions\/3970"}],"wp:attachment":[{"href":"https:\/\/blechnerei-bechtold.de\/index.php?rest_route=%2Fwp%2Fv2%2Fmedia&parent=3550"}],"curies":[{"name":"wp","href":"https:\/\/api.w.org\/{rel}","templated":true}]}}